{"id":1414,"date":"2020-12-26T17:28:29","date_gmt":"2020-12-26T15:28:29","guid":{"rendered":"https:\/\/agapiboutique.gr\/menu\/"},"modified":"2020-12-27T04:50:49","modified_gmt":"2020-12-27T02:50:49","slug":"menu","status":"publish","type":"page","link":"https:\/\/agapiboutique.gr\/pl\/","title":{"rendered":"Menu"},"content":{"rendered":"<p>[vc_row full_width=&#8221;stretch_row&#8221; equal_height=&#8221;yes&#8221; content_placement=&#8221;middle&#8221; simple_background_color=&#8221;#000000&#8243;][vc_column][vc_column_text css=&#8221;.vc_custom_1605648938597{padding-bottom: 10px !important;}&#8221;]<\/p>\n<p style=\"text-align: center;\"><span style=\"color: #ffffff;\"><strong>Z GRECJI DO POLSKI Z MI\u0141O\u015aCI\u0104!<\/strong><\/span><\/p>\n<p>[\/vc_column_text][\/vc_column][\/vc_row][vc_row][vc_column][vc_column_text][\/vc_column_text][\/vc_column][\/vc_row][vc_row full_width=&#8221;stretch_row&#8221; css=&#8221;.vc_custom_1605483715628{border-top-width: 2px !important;border-top-color: #000000 !important;border-top-style: solid !important;}&#8221;][vc_column]<h3 class=\"edgtf-custom-font-holder  edgtf-cf-3250  \" style=\"text-align: center\" data-item-class=\"edgtf-cf-3250\" data-font-size-1024=\"40px\" data-font-size-768=\"35px\" data-font-size-680=\"30px\">\n\tSTART SHOPPING NOW<\/h3>[vc_empty_space height=&#8221;10px&#8221;][\/vc_column][\/vc_row][vc_row equal_height=&#8221;yes&#8221;][vc_column width=&#8221;1\/3&#8243; css=&#8221;.vc_custom_1605273197917{border-top-width: 25px !important;border-right-width: 25px !important;border-bottom-width: 25px !important;border-left-width: 25px !important;background-color: #f3e4e2 !important;border-left-color: #ffffff !important;border-left-style: solid !important;border-right-color: #ffffff !important;border-right-style: solid !important;border-top-color: #ffffff !important;border-top-style: solid !important;border-bottom-color: #ffffff !important;border-bottom-style: solid !important;}&#8221; offset=&#8221;vc_hidden-xs&#8221;]<div class=\"edgtf-elements-holder   edgtf-one-column  edgtf-responsive-mode-768 edgtf-one-column-alignment-center\" ><div class=\"edgtf-eh-item   edgtf-horizontal-alignment-center \"  data-item-class=\"edgtf-eh-custom-2360\">\n\t<div class=\"edgtf-eh-item-inner\">\n\t\t<div class=\"edgtf-eh-item-content edgtf-eh-custom-2360\" >\n\t\t\t    <span class=\"edgtf-icon-shortcode edgtf-normal   edgtf-icon-large\"  data-color=\"#d39288\">\n                    <i class=\"edgtf-icon-font-awesome fa fa-truck edgtf-icon-element\" style=\"color: #d39288\" ><\/i>            <\/span>\n\t\t<\/div>\n\t<\/div>\n<\/div><\/div>[vc_column_text]<\/p>\n<p style=\"text-align: center; font-size: 16px;\"><span style=\"color: #d39288;\"><strong>Przesy\u0142ki na terenie ca\u0142ej Europy<\/strong><\/span><\/p>\n<p>[\/vc_column_text][vc_empty_space height=&#8221;30px&#8221;][\/vc_column][vc_column width=&#8221;1\/3&#8243; css=&#8221;.vc_custom_1605273204281{border-top-width: 25px !important;border-right-width: 25px !important;border-bottom-width: 25px !important;border-left-width: 25px !important;background-color: #f3e4e2 !important;border-left-color: #ffffff !important;border-left-style: solid !important;border-right-color: #ffffff !important;border-right-style: solid !important;border-top-color: #ffffff !important;border-top-style: solid !important;border-bottom-color: #ffffff !important;border-bottom-style: solid !important;}&#8221; offset=&#8221;vc_hidden-xs&#8221;]<div class=\"edgtf-elements-holder   edgtf-one-column  edgtf-responsive-mode-768 edgtf-one-column-alignment-center\" ><div class=\"edgtf-eh-item   edgtf-horizontal-alignment-center \"  data-item-class=\"edgtf-eh-custom-4549\">\n\t<div class=\"edgtf-eh-item-inner\">\n\t\t<div class=\"edgtf-eh-item-content edgtf-eh-custom-4549\" >\n\t\t\t    <span class=\"edgtf-icon-shortcode edgtf-normal   edgtf-icon-large\"  data-color=\"#d39288\">\n                    <i class=\"edgtf-icon-font-awesome fa fa-lock edgtf-icon-element\" style=\"color: #d39288\" ><\/i>            <\/span>\n\t\t<\/div>\n\t<\/div>\n<\/div><\/div>[vc_column_text]<\/p>\n<p style=\"text-align: center; font-size: 16px;\"><span style=\"color: #d39288;\"><strong>Bezpieczne p\u0142atno\u015bci kart\u0105<\/strong><\/span><\/p>\n<p>[\/vc_column_text][vc_empty_space height=&#8221;30px&#8221;][\/vc_column][vc_column width=&#8221;1\/3&#8243; css=&#8221;.vc_custom_1605273209624{border-top-width: 25px !important;border-right-width: 25px !important;border-bottom-width: 25px !important;border-left-width: 25px !important;background-color: #f3e4e2 !important;border-left-color: #ffffff !important;border-left-style: solid !important;border-right-color: #ffffff !important;border-right-style: solid !important;border-top-color: #ffffff !important;border-top-style: solid !important;border-bottom-color: #ffffff !important;border-bottom-style: solid !important;}&#8221; offset=&#8221;vc_hidden-xs&#8221;]<div class=\"edgtf-elements-holder   edgtf-one-column  edgtf-responsive-mode-768 edgtf-one-column-alignment-center\" ><div class=\"edgtf-eh-item   edgtf-horizontal-alignment-center \"  data-item-class=\"edgtf-eh-custom-7828\">\n\t<div class=\"edgtf-eh-item-inner\">\n\t\t<div class=\"edgtf-eh-item-content edgtf-eh-custom-7828\" >\n\t\t\t    <span class=\"edgtf-icon-shortcode edgtf-normal   edgtf-icon-large\"  data-color=\"#d39288\">\n                    <i class=\"edgtf-icon-font-awesome fa fa-phone edgtf-icon-element\" style=\"color: #d39288\" ><\/i>            <\/span>\n\t\t<\/div>\n\t<\/div>\n<\/div><\/div>[vc_column_text]<\/p>\n<p style=\"text-align: center; font-size: 16px;\"><span style=\"color: #d39288;\"><strong>Natychmiastowa obs\u0142uga<\/strong><\/span><\/p>\n<p style=\"text-align: center;\"><span style=\"color: #d39288;\"><strong>+306947211519<\/strong><\/span><\/p>\n<p>[\/vc_column_text][vc_empty_space height=&#8221;30px&#8221;][\/vc_column][\/vc_row][vc_row][vc_column width=&#8221;1\/3&#8243; css=&#8221;.vc_custom_1605273214922{border-top-width: 15px !important;border-right-width: 15px !important;border-bottom-width: 15px !important;border-left-width: 15px !important;background-color: #f3e4e2 !important;border-left-color: #ffffff !important;border-left-style: solid !important;border-right-color: #ffffff !important;border-right-style: solid !important;border-top-color: #ffffff !important;border-top-style: solid !important;border-bottom-color: #ffffff !important;border-bottom-style: solid !important;}&#8221; offset=&#8221;vc_hidden-lg vc_hidden-md vc_hidden-sm&#8221;]<div class=\"edgtf-elements-holder   edgtf-one-column  edgtf-responsive-mode-768 edgtf-one-column-alignment-center\" ><div class=\"edgtf-eh-item   edgtf-horizontal-alignment-center \"  data-item-class=\"edgtf-eh-custom-4376\">\n\t<div class=\"edgtf-eh-item-inner\">\n\t\t<div class=\"edgtf-eh-item-content edgtf-eh-custom-4376\" >\n\t\t\t    <span class=\"edgtf-icon-shortcode edgtf-normal   edgtf-icon-medium\"  data-color=\"#d39288\">\n                    <i class=\"edgtf-icon-font-awesome fa fa-truck edgtf-icon-element\" style=\"color: #d39288\" ><\/i>            <\/span>\n\t\t<\/div>\n\t<\/div>\n<\/div><\/div>[vc_column_text]<\/p>\n<p style=\"text-align: center; font-size: 14px;\"><span style=\"color: #d39288;\"><strong>Przesy\u0142ki na terenie ca\u0142ej Europy<\/strong><\/span><\/p>\n<p>[\/vc_column_text][vc_empty_space height=&#8221;30px&#8221;][\/vc_column][vc_column width=&#8221;1\/3&#8243; css=&#8221;.vc_custom_1605273219835{border-top-width: 15px !important;border-right-width: 15px !important;border-bottom-width: 15px !important;border-left-width: 15px !important;background-color: #f3e4e2 !important;border-left-color: #ffffff !important;border-left-style: solid !important;border-right-color: #ffffff !important;border-right-style: solid !important;border-top-color: #ffffff !important;border-top-style: solid !important;border-bottom-color: #ffffff !important;border-bottom-style: solid !important;}&#8221; offset=&#8221;vc_hidden-lg vc_hidden-md vc_hidden-sm&#8221;]<div class=\"edgtf-elements-holder   edgtf-one-column  edgtf-responsive-mode-768 edgtf-one-column-alignment-center\" ><div class=\"edgtf-eh-item   edgtf-horizontal-alignment-center \"  data-item-class=\"edgtf-eh-custom-8959\">\n\t<div class=\"edgtf-eh-item-inner\">\n\t\t<div class=\"edgtf-eh-item-content edgtf-eh-custom-8959\" >\n\t\t\t    <span class=\"edgtf-icon-shortcode edgtf-normal   edgtf-icon-medium\"  data-color=\"#d39288\">\n                    <i class=\"edgtf-icon-font-awesome fa fa-lock edgtf-icon-element\" style=\"color: #d39288\" ><\/i>            <\/span>\n\t\t<\/div>\n\t<\/div>\n<\/div><\/div>[vc_column_text]<\/p>\n<p style=\"text-align: center; font-size: 14px;\"><span style=\"color: #d39288;\"><strong>Bezpieczne p\u0142atno\u015bci kart\u0105<\/strong><\/span><\/p>\n<div><\/div>\n<p>[\/vc_column_text][vc_empty_space height=&#8221;30px&#8221;][\/vc_column][vc_column width=&#8221;1\/3&#8243; css=&#8221;.vc_custom_1605273225468{border-top-width: 15px !important;border-right-width: 15px !important;border-bottom-width: 15px !important;border-left-width: 15px !important;background-color: #f3e4e2 !important;border-left-color: #ffffff !important;border-left-style: solid !important;border-right-color: #ffffff !important;border-right-style: solid !important;border-top-color: #ffffff !important;border-top-style: solid !important;border-bottom-color: #ffffff !important;border-bottom-style: solid !important;}&#8221; offset=&#8221;vc_hidden-lg vc_hidden-md vc_hidden-sm&#8221;]<div class=\"edgtf-elements-holder   edgtf-one-column  edgtf-responsive-mode-768 edgtf-one-column-alignment-center\" ><div class=\"edgtf-eh-item   edgtf-horizontal-alignment-center \"  data-item-class=\"edgtf-eh-custom-6573\">\n\t<div class=\"edgtf-eh-item-inner\">\n\t\t<div class=\"edgtf-eh-item-content edgtf-eh-custom-6573\" >\n\t\t\t    <span class=\"edgtf-icon-shortcode edgtf-normal   edgtf-icon-medium\"  data-color=\"#d39288\">\n                    <i class=\"edgtf-icon-font-awesome fa fa-phone edgtf-icon-element\" style=\"color: #d39288\" ><\/i>            <\/span>\n\t\t<\/div>\n\t<\/div>\n<\/div><\/div>[vc_column_text]<\/p>\n<p style=\"text-align: center; font-size: 14px;\"><span style=\"color: #d39288;\"><strong>Natychmiastowa obs\u0142uga<\/strong><\/span><\/p>\n<div><\/div>\n<p>[\/vc_column_text][vc_empty_space height=&#8221;30px&#8221;][\/vc_column][\/vc_row][vc_row][vc_column][vc_empty_space height=&#8221;50px&#8221;][\/vc_column][\/vc_row][vc_row full_width=&#8221;stretch_row&#8221; css=&#8221;.vc_custom_1605272913632{background-color: #f6f6f6 !important;}&#8221;][vc_column][vc_empty_space height=&#8221;50px&#8221;]<h3 class=\"edgtf-custom-font-holder  edgtf-cf-4265  \" style=\"text-align: center\" data-item-class=\"edgtf-cf-4265\" data-font-size-1024=\"40px\" data-font-size-768=\"35px\" data-font-size-680=\"30px\">\n\tZACHWYC\u0301 SIE\u0328 NASZYMI NAJLEPIEJ SPRZEDAJA\u0328CYMI SIE\u0328 PRODUKTAMI<\/h3>[vc_empty_space height=&#8221;30px&#8221;]<div class=\"woocommerce columns-4 \"><\/div>[\/vc_column][\/vc_row][vc_row full_width=&#8221;stretch_row&#8221; css=&#8221;.vc_custom_1605272931194{background-color: #f6f6f6 !important;}&#8221;][vc_column][vc_empty_space height=&#8221;30px&#8221;]<div class=\"edgtf-elements-holder   edgtf-one-column  edgtf-responsive-mode-768 edgtf-one-column-alignment-center\" ><div class=\"edgtf-eh-item   edgtf-horizontal-alignment-center \"  data-item-class=\"edgtf-eh-custom-9427\">\n\t<div class=\"edgtf-eh-item-inner\">\n\t\t<div class=\"edgtf-eh-item-content edgtf-eh-custom-9427\" >\n\t\t\t<a itemprop=\"url\" href=\"https:\/\/agapiboutique.gr\/pl\/ready-to-wear\/\" target=\"_self\" style=\"background-color: #d39288;text-transform: none\" class=\"edgtf-btn edgtf-btn-medium edgtf-btn-solid\"  >\n    <span class=\"edgtf-btn-text\">Odkryj wi\u0119cej produkt\u00f3w gotowych do noszenia<\/span>\n    <\/a>\t\t<\/div>\n\t<\/div>\n<\/div><\/div>[vc_empty_space height=&#8221;90px&#8221;][\/vc_column][\/vc_row]<\/p>\n","protected":false},"excerpt":{"rendered":"<p>[vc_row full_width=&#8221;stretch_row&#8221; equal_height=&#8221;yes&#8221; content_placement=&#8221;middle&#8221; simple_background_color=&#8221;#000000&#8243;][vc_column][vc_column_text css=&#8221;.vc_custom_1605648938597{padding-bottom: 10px !important;}&#8221;] Z GRECJI DO POLSKI Z MI\u0141O\u015aCI\u0104! [\/vc_column_text][\/vc_column][\/vc_row][vc_row][vc_column][vc_column_text][\/vc_column_text][\/vc_column][\/vc_row][vc_row full_width=&#8221;stretch_row&#8221; css=&#8221;.vc_custom_1605483715628{border-top-width: 2px !important;border-top-color: #000000 !important;border-top-style: solid !important;}&#8221;][vc_column][vc_empty_space height=&#8221;10px&#8221;][\/vc_column][\/vc_row][vc_row equal_height=&#8221;yes&#8221;][vc_column width=&#8221;1\/3&#8243; css=&#8221;.vc_custom_1605273197917{border-top-width: 25px !important;border-right-width: 25px !important;border-bottom-width: 25px !important;border-left-width: 25px !important;background-color: #f3e4e2 !important;border-left-color: #ffffff !important;border-left-style: solid [&hellip;]<\/p>\n","protected":false},"author":1,"featured_media":0,"parent":0,"menu_order":0,"comment_status":"closed","ping_status":"closed","template":"","meta":[],"yoast_head":"\n<title>Agapi Boutique - Ubrania &amp; Akcesoria - Start Shopping Now<\/title>\n<meta name=\"description\" content=\"Znajd\u017a najwspanialsze ubrania i akcesoria w Agapi Boutique! Sukienki, sp\u00f3dnice, spodnie, d\u017cinsy i wiele wi\u0119cej czekaj\u0105 na Ciebie.\" \/>\n<meta name=\"robots\" content=\"index, follow, max-snippet:-1, max-image-preview:large, max-video-preview:-1\" \/>\n<link rel=\"canonical\" href=\"https:\/\/agapiboutique.gr\/pl\/\" \/>\n<meta property=\"og:locale\" content=\"pl_PL\" \/>\n<meta property=\"og:type\" content=\"article\" \/>\n<meta property=\"og:title\" content=\"Agapi Boutique - Ubrania &amp; Akcesoria - Start Shopping Now\" \/>\n<meta property=\"og:description\" content=\"Znajd\u017a najwspanialsze ubrania i akcesoria w Agapi Boutique! Sukienki, sp\u00f3dnice, spodnie, d\u017cinsy i wiele wi\u0119cej czekaj\u0105 na Ciebie.\" \/>\n<meta property=\"og:url\" content=\"https:\/\/agapiboutique.gr\/pl\/\" \/>\n<meta property=\"og:site_name\" content=\"Agapi Boutique\" \/>\n<meta property=\"article:publisher\" content=\"https:\/\/www.facebook.com\/AgapiBoutique.gr\" \/>\n<meta property=\"article:modified_time\" content=\"2020-12-27T02:50:49+00:00\" \/>\n<meta name=\"twitter:card\" content=\"summary_large_image\" \/>\n<meta name=\"twitter:label1\" content=\"Est. reading time\">\n\t<meta name=\"twitter:data1\" content=\"5 minut\">\n<script type=\"application\/ld+json\" class=\"yoast-schema-graph\">{\"@context\":\"https:\/\/schema.org\",\"@graph\":[{\"@type\":\"WebSite\",\"@id\":\"https:\/\/agapiboutique.gr\/#website\",\"url\":\"https:\/\/agapiboutique.gr\/\",\"name\":\"Agapi Boutique\",\"description\":\"Start Shopping Now\",\"potentialAction\":[{\"@type\":\"SearchAction\",\"target\":\"https:\/\/agapiboutique.gr\/?s={search_term_string}\",\"query-input\":\"required name=search_term_string\"}],\"inLanguage\":\"pl-PL\"},{\"@type\":\"WebPage\",\"@id\":\"https:\/\/agapiboutique.gr\/pl\/#webpage\",\"url\":\"https:\/\/agapiboutique.gr\/pl\/\",\"name\":\"Agapi Boutique - Ubrania & Akcesoria - Start Shopping Now\",\"isPartOf\":{\"@id\":\"https:\/\/agapiboutique.gr\/#website\"},\"datePublished\":\"2020-12-26T15:28:29+00:00\",\"dateModified\":\"2020-12-27T02:50:49+00:00\",\"description\":\"Znajd\\u017a najwspanialsze ubrania i akcesoria w Agapi Boutique! Sukienki, sp\\u00f3dnice, spodnie, d\\u017cinsy i wiele wi\\u0119cej czekaj\\u0105 na Ciebie.\",\"breadcrumb\":{\"@id\":\"https:\/\/agapiboutique.gr\/pl\/#breadcrumb\"},\"inLanguage\":\"pl-PL\",\"potentialAction\":[{\"@type\":\"ReadAction\",\"target\":[\"https:\/\/agapiboutique.gr\/pl\/\"]}]},{\"@type\":\"BreadcrumbList\",\"@id\":\"https:\/\/agapiboutique.gr\/pl\/#breadcrumb\",\"itemListElement\":[{\"@type\":\"ListItem\",\"position\":1,\"item\":{\"@type\":\"WebPage\",\"@id\":\"https:\/\/agapiboutique.gr\/pl\/\",\"url\":\"https:\/\/agapiboutique.gr\/pl\/\",\"name\":\"\\u0391\\u03c1\\u03c7\\u03b9\\u03ba\\u03ae\"}},{\"@type\":\"ListItem\",\"position\":2,\"item\":{\"@type\":\"WebPage\",\"@id\":\"https:\/\/agapiboutique.gr\/pl\/\",\"url\":\"https:\/\/agapiboutique.gr\/pl\/\",\"name\":\"Menu\"}}]}]}<\/script>\n","_links":{"self":[{"href":"https:\/\/agapiboutique.gr\/pl\/wp-json\/wp\/v2\/pages\/1414"}],"collection":[{"href":"https:\/\/agapiboutique.gr\/pl\/wp-json\/wp\/v2\/pages"}],"about":[{"href":"https:\/\/agapiboutique.gr\/pl\/wp-json\/wp\/v2\/types\/page"}],"author":[{"embeddable":true,"href":"https:\/\/agapiboutique.gr\/pl\/wp-json\/wp\/v2\/users\/1"}],"replies":[{"embeddable":true,"href":"https:\/\/agapiboutique.gr\/pl\/wp-json\/wp\/v2\/comments?post=1414"}],"version-history":[{"count":3,"href":"https:\/\/agapiboutique.gr\/pl\/wp-json\/wp\/v2\/pages\/1414\/revisions"}],"predecessor-version":[{"id":1796,"href":"https:\/\/agapiboutique.gr\/pl\/wp-json\/wp\/v2\/pages\/1414\/revisions\/1796"}],"wp:attachment":[{"href":"https:\/\/agapiboutique.gr\/pl\/wp-json\/wp\/v2\/media?parent=1414"}],"curies":[{"name":"wp","href":"https:\/\/api.w.org\/{rel}","templated":true}]}}