{"id":1363,"date":"2020-12-26T14:39:40","date_gmt":"2020-12-26T12:39:40","guid":{"rendered":"https:\/\/agapiboutique.gr\/gotowy-do-noszenia\/"},"modified":"2020-12-26T16:07:52","modified_gmt":"2020-12-26T14:07:52","slug":"gotowy-do-noszenia","status":"publish","type":"page","link":"https:\/\/agapiboutique.gr\/pl\/gotowy-do-noszenia\/","title":{"rendered":"Gotowe do Noszenia"},"content":{"rendered":"<p>[vc_row][vc_column][vc_empty_space height=&#8221;50px&#8221;]<h3 class=\"edgtf-custom-font-holder  edgtf-cf-2425  \" style=\"text-align: center\" data-item-class=\"edgtf-cf-2425\" data-font-size-1024=\"40px\" data-font-size-768=\"35px\" data-font-size-680=\"30px\">\n\tSTART SHOPPING NOW<\/h3>[vc_empty_space height=&#8221;25px&#8221;][\/vc_column][\/vc_row][vc_row][vc_column width=&#8221;1\/3&#8243;][vc_column_text css=&#8221;.vc_custom_1605224714384{border-top-width: 1px !important;border-right-width: 1px !important;border-bottom-width: 1px !important;border-left-width: 1px !important;border-left-color: #000000 !important;border-left-style: solid !important;border-right-color: #000000 !important;border-right-style: solid !important;border-top-color: #000000 !important;border-top-style: solid !important;border-bottom-color: #000000 !important;border-bottom-style: solid !important;}&#8221;]<a href=\"https:\/\/agapiboutique.gr\/pl\/kategoria-produktu\/bluzki-koszule\/\"><img loading=\"lazy\" class=\"aligncenter wp-image-1366 size-large\" src=\"https:\/\/agapiboutique.gr\/zooxeehy\/2020\/11\/MPLOUZES-TG_09881-Edit-683x1024.jpg\" alt=\"\" width=\"683\" height=\"1024\" srcset=\"https:\/\/agapiboutique.gr\/zooxeehy\/2020\/11\/MPLOUZES-TG_09881-Edit-683x1024.jpg 683w, https:\/\/agapiboutique.gr\/zooxeehy\/2020\/11\/MPLOUZES-TG_09881-Edit-500x750.jpg 500w, https:\/\/agapiboutique.gr\/zooxeehy\/2020\/11\/MPLOUZES-TG_09881-Edit-200x300.jpg 200w, https:\/\/agapiboutique.gr\/zooxeehy\/2020\/11\/MPLOUZES-TG_09881-Edit-768x1152.jpg 768w, https:\/\/agapiboutique.gr\/zooxeehy\/2020\/11\/MPLOUZES-TG_09881-Edit-600x900.jpg 600w, https:\/\/agapiboutique.gr\/zooxeehy\/2020\/11\/MPLOUZES-TG_09881-Edit.jpg 800w\" sizes=\"(max-width: 683px) 100vw, 683px\" \/><\/a>[\/vc_column_text][vc_empty_space height=&#8221;30px&#8221;]<div class=\"edgtf-elements-holder   edgtf-one-column  edgtf-responsive-mode-768 edgtf-one-column-alignment-center\" ><div class=\"edgtf-eh-item   edgtf-horizontal-alignment-center \"  data-item-class=\"edgtf-eh-custom-9468\">\n\t<div class=\"edgtf-eh-item-inner\">\n\t\t<div class=\"edgtf-eh-item-content edgtf-eh-custom-9468\" >\n\t\t\t<a itemprop=\"url\" href=\"https:\/\/agapiboutique.gr\/product-category\/mplouzes-poukamisa\/\" target=\"_self\" style=\"background-color: #d39288;text-transform: none\" class=\"edgtf-btn edgtf-btn-medium edgtf-btn-solid\"  >\n    <span class=\"edgtf-btn-text\">\u039c\u03c0\u03bb\u03bf\u03cd\u03b6\u03b5\u03c2 - \u03a0\u03bf\u03c5\u03ba\u03ac\u03bc\u03b9\u03c3\u03b1<\/span>\n    <\/a>\t\t<\/div>\n\t<\/div>\n<\/div><\/div>[vc_empty_space height=&#8221;30px&#8221;][\/vc_column][vc_column width=&#8221;1\/3&#8243;][vc_column_text css=&#8221;.vc_custom_1605224771055{border-top-width: 1px !important;border-right-width: 1px !important;border-bottom-width: 1px !important;border-left-width: 1px !important;border-left-color: #000000 !important;border-left-style: solid !important;border-right-color: #000000 !important;border-right-style: solid !important;border-top-color: #000000 !important;border-top-style: solid !important;border-bottom-color: #000000 !important;border-bottom-style: solid !important;}&#8221;]<a href=\"https:\/\/agapiboutique.gr\/pl\/kategoria-produktu\/sukienki\/\"><img loading=\"lazy\" class=\"wp-image-1369 size-large aligncenter\" src=\"https:\/\/agapiboutique.gr\/zooxeehy\/2020\/11\/FOREMATA-TG_00121-Edit-683x1024.jpg\" alt=\"\" width=\"683\" height=\"1024\" srcset=\"https:\/\/agapiboutique.gr\/zooxeehy\/2020\/11\/FOREMATA-TG_00121-Edit-683x1024.jpg 683w, https:\/\/agapiboutique.gr\/zooxeehy\/2020\/11\/FOREMATA-TG_00121-Edit-500x750.jpg 500w, https:\/\/agapiboutique.gr\/zooxeehy\/2020\/11\/FOREMATA-TG_00121-Edit-200x300.jpg 200w, https:\/\/agapiboutique.gr\/zooxeehy\/2020\/11\/FOREMATA-TG_00121-Edit-768x1152.jpg 768w, https:\/\/agapiboutique.gr\/zooxeehy\/2020\/11\/FOREMATA-TG_00121-Edit-600x900.jpg 600w, https:\/\/agapiboutique.gr\/zooxeehy\/2020\/11\/FOREMATA-TG_00121-Edit.jpg 800w\" sizes=\"(max-width: 683px) 100vw, 683px\" \/><\/a>[\/vc_column_text][vc_empty_space height=&#8221;30px&#8221;]<div class=\"edgtf-elements-holder   edgtf-one-column  edgtf-responsive-mode-768 edgtf-one-column-alignment-center\" ><div class=\"edgtf-eh-item   edgtf-horizontal-alignment-center \"  data-item-class=\"edgtf-eh-custom-7098\">\n\t<div class=\"edgtf-eh-item-inner\">\n\t\t<div class=\"edgtf-eh-item-content edgtf-eh-custom-7098\" >\n\t\t\t<a itemprop=\"url\" href=\"https:\/\/agapiboutique.gr\/product-category\/foremata\/\" target=\"_self\" style=\"background-color: #d39288;text-transform: none\" class=\"edgtf-btn edgtf-btn-medium edgtf-btn-solid\"  >\n    <span class=\"edgtf-btn-text\">\u03a6\u03bf\u03c1\u03ad\u03bc\u03b1\u03c4\u03b1<\/span>\n    <\/a>\t\t<\/div>\n\t<\/div>\n<\/div><\/div>[vc_empty_space height=&#8221;30px&#8221;][\/vc_column][vc_column width=&#8221;1\/3&#8243;][vc_column_text css=&#8221;.vc_custom_1605224855331{border-top-width: 1px !important;border-right-width: 1px !important;border-bottom-width: 1px !important;border-left-width: 1px !important;border-left-color: #000000 !important;border-left-style: solid !important;border-right-color: #000000 !important;border-right-style: solid !important;border-top-color: #000000 !important;border-top-style: solid !important;border-bottom-color: #000000 !important;border-bottom-style: solid !important;}&#8221;]<a href=\"https:\/\/agapiboutique.gr\/pl\/kategoria-produktu\/spodnice\/\"><img loading=\"lazy\" class=\"aligncenter wp-image-1372 size-large\" src=\"https:\/\/agapiboutique.gr\/zooxeehy\/2020\/11\/FOUSTA-TG_09944-Edit-\u03b1\u03bd\u03c4\u03af\u03b3\u03c1\u03b1\u03c6\u03bf-683x1024.jpg\" alt=\"\" width=\"683\" height=\"1024\" srcset=\"https:\/\/agapiboutique.gr\/zooxeehy\/2020\/11\/FOUSTA-TG_09944-Edit-\u03b1\u03bd\u03c4\u03af\u03b3\u03c1\u03b1\u03c6\u03bf-683x1024.jpg 683w, https:\/\/agapiboutique.gr\/zooxeehy\/2020\/11\/FOUSTA-TG_09944-Edit-\u03b1\u03bd\u03c4\u03af\u03b3\u03c1\u03b1\u03c6\u03bf-500x750.jpg 500w, https:\/\/agapiboutique.gr\/zooxeehy\/2020\/11\/FOUSTA-TG_09944-Edit-\u03b1\u03bd\u03c4\u03af\u03b3\u03c1\u03b1\u03c6\u03bf-200x300.jpg 200w, https:\/\/agapiboutique.gr\/zooxeehy\/2020\/11\/FOUSTA-TG_09944-Edit-\u03b1\u03bd\u03c4\u03af\u03b3\u03c1\u03b1\u03c6\u03bf-768x1152.jpg 768w, https:\/\/agapiboutique.gr\/zooxeehy\/2020\/11\/FOUSTA-TG_09944-Edit-\u03b1\u03bd\u03c4\u03af\u03b3\u03c1\u03b1\u03c6\u03bf-600x900.jpg 600w, https:\/\/agapiboutique.gr\/zooxeehy\/2020\/11\/FOUSTA-TG_09944-Edit-\u03b1\u03bd\u03c4\u03af\u03b3\u03c1\u03b1\u03c6\u03bf.jpg 800w\" sizes=\"(max-width: 683px) 100vw, 683px\" \/><\/a>[\/vc_column_text][vc_empty_space height=&#8221;30px&#8221;]<div class=\"edgtf-elements-holder   edgtf-one-column  edgtf-responsive-mode-768 edgtf-one-column-alignment-center\" ><div class=\"edgtf-eh-item   edgtf-horizontal-alignment-center \"  data-item-class=\"edgtf-eh-custom-8951\">\n\t<div class=\"edgtf-eh-item-inner\">\n\t\t<div class=\"edgtf-eh-item-content edgtf-eh-custom-8951\" >\n\t\t\t<a itemprop=\"url\" href=\"https:\/\/agapiboutique.gr\/product-category\/foustes\/\" target=\"_self\" style=\"background-color: #d39288;text-transform: none\" class=\"edgtf-btn edgtf-btn-medium edgtf-btn-solid\"  >\n    <span class=\"edgtf-btn-text\">\u03a6\u03bf\u03cd\u03c3\u03c4\u03b5\u03c2<\/span>\n    <\/a>\t\t<\/div>\n\t<\/div>\n<\/div><\/div>[vc_empty_space height=&#8221;30px&#8221;][\/vc_column][\/vc_row][vc_row][vc_column][vc_empty_space height=&#8221;50px&#8221;][\/vc_column][\/vc_row][vc_row][vc_column width=&#8221;1\/3&#8243;][vc_column_text css=&#8221;.vc_custom_1605224908529{border-top-width: 1px !important;border-right-width: 1px !important;border-bottom-width: 1px !important;border-left-width: 1px !important;border-left-color: #000000 !important;border-left-style: solid !important;border-right-color: #000000 !important;border-right-style: solid !important;border-top-color: #000000 !important;border-top-style: solid !important;border-bottom-color: #000000 !important;border-bottom-style: solid !important;}&#8221;]<a href=\"https:\/\/agapiboutique.gr\/pl\/kategoria-produktu\/spodnie-jeans\/\"><img loading=\"lazy\" class=\"aligncenter wp-image-1375 size-large\" src=\"https:\/\/agapiboutique.gr\/zooxeehy\/2020\/11\/PANTELONIA-TG_09998-Edit-683x1024.jpg\" alt=\"\" width=\"683\" height=\"1024\" srcset=\"https:\/\/agapiboutique.gr\/zooxeehy\/2020\/11\/PANTELONIA-TG_09998-Edit-683x1024.jpg 683w, https:\/\/agapiboutique.gr\/zooxeehy\/2020\/11\/PANTELONIA-TG_09998-Edit-500x750.jpg 500w, https:\/\/agapiboutique.gr\/zooxeehy\/2020\/11\/PANTELONIA-TG_09998-Edit-200x300.jpg 200w, https:\/\/agapiboutique.gr\/zooxeehy\/2020\/11\/PANTELONIA-TG_09998-Edit-768x1152.jpg 768w, https:\/\/agapiboutique.gr\/zooxeehy\/2020\/11\/PANTELONIA-TG_09998-Edit-600x900.jpg 600w, https:\/\/agapiboutique.gr\/zooxeehy\/2020\/11\/PANTELONIA-TG_09998-Edit.jpg 800w\" sizes=\"(max-width: 683px) 100vw, 683px\" \/><\/a>[\/vc_column_text][vc_empty_space height=&#8221;30px&#8221;]<div class=\"edgtf-elements-holder   edgtf-one-column  edgtf-responsive-mode-768 edgtf-one-column-alignment-center\" ><div class=\"edgtf-eh-item   edgtf-horizontal-alignment-center \"  data-item-class=\"edgtf-eh-custom-3054\">\n\t<div class=\"edgtf-eh-item-inner\">\n\t\t<div class=\"edgtf-eh-item-content edgtf-eh-custom-3054\" >\n\t\t\t<a itemprop=\"url\" href=\"https:\/\/agapiboutique.gr\/product-category\/pantelonia-tzin\/\" target=\"_self\" style=\"background-color: #d39288;text-transform: none\" class=\"edgtf-btn edgtf-btn-medium edgtf-btn-solid\"  >\n    <span class=\"edgtf-btn-text\">\u03a0\u03b1\u03bd\u03c4\u03b5\u03bb\u03cc\u03bd\u03b9\u03b1 - \u03a4\u03b6\u03b9\u03bd<\/span>\n    <\/a>\t\t<\/div>\n\t<\/div>\n<\/div><\/div>[vc_empty_space height=&#8221;30px&#8221;][\/vc_column][vc_column width=&#8221;1\/3&#8243;][vc_column_text css=&#8221;.vc_custom_1605224964828{border-top-width: 1px !important;border-right-width: 1px !important;border-bottom-width: 1px !important;border-left-width: 1px !important;border-left-color: #000000 !important;border-left-style: solid !important;border-right-color: #000000 !important;border-right-style: solid !important;border-top-color: #000000 !important;border-top-style: solid !important;border-bottom-color: #000000 !important;border-bottom-style: solid !important;}&#8221;]<a href=\"https:\/\/agapiboutique.gr\/pl\/kategoria-produktu\/szorty\/\"><img loading=\"lazy\" class=\"aligncenter wp-image-1378 size-large\" src=\"https:\/\/agapiboutique.gr\/zooxeehy\/2020\/11\/SORTSAKIA-TG_09963-Edit-683x1024.jpg\" alt=\"\" width=\"683\" height=\"1024\" srcset=\"https:\/\/agapiboutique.gr\/zooxeehy\/2020\/11\/SORTSAKIA-TG_09963-Edit-683x1024.jpg 683w, https:\/\/agapiboutique.gr\/zooxeehy\/2020\/11\/SORTSAKIA-TG_09963-Edit-500x750.jpg 500w, https:\/\/agapiboutique.gr\/zooxeehy\/2020\/11\/SORTSAKIA-TG_09963-Edit-200x300.jpg 200w, https:\/\/agapiboutique.gr\/zooxeehy\/2020\/11\/SORTSAKIA-TG_09963-Edit-768x1152.jpg 768w, https:\/\/agapiboutique.gr\/zooxeehy\/2020\/11\/SORTSAKIA-TG_09963-Edit-600x900.jpg 600w, https:\/\/agapiboutique.gr\/zooxeehy\/2020\/11\/SORTSAKIA-TG_09963-Edit.jpg 800w\" sizes=\"(max-width: 683px) 100vw, 683px\" \/><\/a>[\/vc_column_text][vc_empty_space height=&#8221;30px&#8221;]<div class=\"edgtf-elements-holder   edgtf-one-column  edgtf-responsive-mode-768 edgtf-one-column-alignment-center\" ><div class=\"edgtf-eh-item   edgtf-horizontal-alignment-center \"  data-item-class=\"edgtf-eh-custom-5646\">\n\t<div class=\"edgtf-eh-item-inner\">\n\t\t<div class=\"edgtf-eh-item-content edgtf-eh-custom-5646\" >\n\t\t\t<a itemprop=\"url\" href=\"https:\/\/agapiboutique.gr\/product-category\/sortsakia\/\" target=\"_self\" style=\"background-color: #d39288;text-transform: none\" class=\"edgtf-btn edgtf-btn-medium edgtf-btn-solid\"  >\n    <span class=\"edgtf-btn-text\">\u03a3\u03bf\u03c1\u03c4\u03c3\u03ac\u03ba\u03b9\u03b1<\/span>\n    <\/a>\t\t<\/div>\n\t<\/div>\n<\/div><\/div>[vc_empty_space height=&#8221;30px&#8221;][\/vc_column][vc_column width=&#8221;1\/3&#8243;][vc_column_text css=&#8221;.vc_custom_1608006518726{border-top-width: 1px !important;border-right-width: 1px !important;border-bottom-width: 1px !important;border-left-width: 1px !important;border-left-color: #000000 !important;border-left-style: solid !important;border-right-color: #000000 !important;border-right-style: solid !important;border-top-color: #000000 !important;border-top-style: solid !important;border-bottom-color: #000000 !important;border-bottom-style: solid !important;}&#8221;]<a href=\"https:\/\/agapiboutique.gr\/product\/purple-velvet-forma\/\"><img loading=\"lazy\" class=\"aligncenter size-large wp-image-1381\" src=\"https:\/\/agapiboutique.gr\/zooxeehy\/2020\/12\/TG_00912-Edit-683x1024.jpg\" alt=\"\" width=\"683\" height=\"1024\" srcset=\"https:\/\/agapiboutique.gr\/zooxeehy\/2020\/12\/TG_00912-Edit-683x1024.jpg 683w, https:\/\/agapiboutique.gr\/zooxeehy\/2020\/12\/TG_00912-Edit-200x300.jpg 200w, https:\/\/agapiboutique.gr\/zooxeehy\/2020\/12\/TG_00912-Edit-768x1152.jpg 768w, https:\/\/agapiboutique.gr\/zooxeehy\/2020\/12\/TG_00912-Edit-500x750.jpg 500w, https:\/\/agapiboutique.gr\/zooxeehy\/2020\/12\/TG_00912-Edit.jpg 800w\" sizes=\"(max-width: 683px) 100vw, 683px\" \/><\/a>[\/vc_column_text][vc_empty_space height=&#8221;30px&#8221;]<div class=\"edgtf-elements-holder   edgtf-one-column  edgtf-responsive-mode-768 edgtf-one-column-alignment-center\" ><div class=\"edgtf-eh-item   edgtf-horizontal-alignment-center \"  data-item-class=\"edgtf-eh-custom-5362\">\n\t<div class=\"edgtf-eh-item-inner\">\n\t\t<div class=\"edgtf-eh-item-content edgtf-eh-custom-5362\" >\n\t\t\t<a itemprop=\"url\" href=\"https:\/\/agapiboutique.gr\/product-category\/kolan-formes\/\" target=\"_self\" style=\"background-color: #d39288;text-transform: none\" class=\"edgtf-btn edgtf-btn-medium edgtf-btn-solid\"  >\n    <span class=\"edgtf-btn-text\">\u03a6\u03cc\u03c1\u03bc\u03b5\u03c2 - \u03a0\u03b9\u03c4\u03b6\u03ac\u03bc\u03b5\u03c2<\/span>\n    <\/a>\t\t<\/div>\n\t<\/div>\n<\/div><\/div>[vc_empty_space height=&#8221;30px&#8221;][\/vc_column][\/vc_row][vc_row][vc_column][vc_empty_space height=&#8221;50px&#8221;][\/vc_column][\/vc_row][vc_row][vc_column width=&#8221;1\/3&#8243;][vc_column_text css=&#8221;.vc_custom_1605225074659{border-top-width: 1px !important;border-right-width: 1px !important;border-bottom-width: 1px !important;border-left-width: 1px !important;border-left-color: #000000 !important;border-left-style: solid !important;border-right-color: #000000 !important;border-right-style: solid !important;border-top-color: #000000 !important;border-top-style: solid !important;border-bottom-color: #000000 !important;border-bottom-style: solid !important;}&#8221;]<a href=\"https:\/\/agapiboutique.gr\/pl\/kategoria-produktu\/swetry-zakiety\/\"><img loading=\"lazy\" class=\"aligncenter wp-image-1384 size-large\" src=\"https:\/\/agapiboutique.gr\/zooxeehy\/2020\/11\/POULOVER-TG_00205-Edit-683x1024.jpg\" alt=\"\" width=\"683\" height=\"1024\" srcset=\"https:\/\/agapiboutique.gr\/zooxeehy\/2020\/11\/POULOVER-TG_00205-Edit-683x1024.jpg 683w, https:\/\/agapiboutique.gr\/zooxeehy\/2020\/11\/POULOVER-TG_00205-Edit-500x750.jpg 500w, https:\/\/agapiboutique.gr\/zooxeehy\/2020\/11\/POULOVER-TG_00205-Edit-200x300.jpg 200w, https:\/\/agapiboutique.gr\/zooxeehy\/2020\/11\/POULOVER-TG_00205-Edit-768x1152.jpg 768w, https:\/\/agapiboutique.gr\/zooxeehy\/2020\/11\/POULOVER-TG_00205-Edit-600x900.jpg 600w, https:\/\/agapiboutique.gr\/zooxeehy\/2020\/11\/POULOVER-TG_00205-Edit.jpg 800w\" sizes=\"(max-width: 683px) 100vw, 683px\" \/><\/a>[\/vc_column_text][vc_empty_space height=&#8221;30px&#8221;]<div class=\"edgtf-elements-holder   edgtf-one-column  edgtf-responsive-mode-768 edgtf-one-column-alignment-center\" ><div class=\"edgtf-eh-item   edgtf-horizontal-alignment-center \"  data-item-class=\"edgtf-eh-custom-4491\">\n\t<div class=\"edgtf-eh-item-inner\">\n\t\t<div class=\"edgtf-eh-item-content edgtf-eh-custom-4491\" >\n\t\t\t<a itemprop=\"url\" href=\"https:\/\/agapiboutique.gr\/product-category\/poulover-zaketes\/\" target=\"_self\" style=\"background-color: #d39288;text-transform: none\" class=\"edgtf-btn edgtf-btn-medium edgtf-btn-solid\"  >\n    <span class=\"edgtf-btn-text\">\u03a0\u03bf\u03c5\u03bb\u03cc\u03b2\u03b5\u03c1 - \u0396\u03b1\u03ba\u03ad\u03c4\u03b5\u03c2<\/span>\n    <\/a>\t\t<\/div>\n\t<\/div>\n<\/div><\/div>[vc_empty_space height=&#8221;30px&#8221;][\/vc_column][vc_column width=&#8221;1\/3&#8243;][vc_column_text css=&#8221;.vc_custom_1605225110161{border-top-width: 1px !important;border-right-width: 1px !important;border-bottom-width: 1px !important;border-left-width: 1px !important;border-left-color: #000000 !important;border-left-style: solid !important;border-right-color: #000000 !important;border-right-style: solid !important;border-top-color: #000000 !important;border-top-style: solid !important;border-bottom-color: #000000 !important;border-bottom-style: solid !important;}&#8221;]<a href=\"https:\/\/agapiboutique.gr\/pl\/kategoria-produktu\/okrycia-wierzchnie\/\"><img loading=\"lazy\" class=\"aligncenter wp-image-1387 size-large\" src=\"https:\/\/agapiboutique.gr\/zooxeehy\/2020\/11\/SAKAKIA-TG_00038-Edit-683x1024.jpg\" alt=\"\" width=\"683\" height=\"1024\" srcset=\"https:\/\/agapiboutique.gr\/zooxeehy\/2020\/11\/SAKAKIA-TG_00038-Edit-683x1024.jpg 683w, https:\/\/agapiboutique.gr\/zooxeehy\/2020\/11\/SAKAKIA-TG_00038-Edit-500x750.jpg 500w, https:\/\/agapiboutique.gr\/zooxeehy\/2020\/11\/SAKAKIA-TG_00038-Edit-200x300.jpg 200w, https:\/\/agapiboutique.gr\/zooxeehy\/2020\/11\/SAKAKIA-TG_00038-Edit-768x1152.jpg 768w, https:\/\/agapiboutique.gr\/zooxeehy\/2020\/11\/SAKAKIA-TG_00038-Edit-600x900.jpg 600w, https:\/\/agapiboutique.gr\/zooxeehy\/2020\/11\/SAKAKIA-TG_00038-Edit.jpg 800w\" sizes=\"(max-width: 683px) 100vw, 683px\" \/><\/a>[\/vc_column_text][vc_empty_space height=&#8221;30px&#8221;]<div class=\"edgtf-elements-holder   edgtf-one-column  edgtf-responsive-mode-768 edgtf-one-column-alignment-center\" ><div class=\"edgtf-eh-item   edgtf-horizontal-alignment-center \"  data-item-class=\"edgtf-eh-custom-1804\">\n\t<div class=\"edgtf-eh-item-inner\">\n\t\t<div class=\"edgtf-eh-item-content edgtf-eh-custom-1804\" >\n\t\t\t<a itemprop=\"url\" href=\"https:\/\/agapiboutique.gr\/product-category\/panoforia-sakakia\/\" target=\"_self\" style=\"background-color: #d39288;text-transform: none\" class=\"edgtf-btn edgtf-btn-medium edgtf-btn-solid\"  >\n    <span class=\"edgtf-btn-text\">\u03a0\u03b1\u03bd\u03c9\u03c6\u03cc\u03c1\u03b9\u03b1 - \u03a3\u03b1\u03ba\u03ac\u03ba\u03b9\u03b1<\/span>\n    <\/a>\t\t<\/div>\n\t<\/div>\n<\/div><\/div>[vc_empty_space height=&#8221;30px&#8221;][\/vc_column][vc_column width=&#8221;1\/3&#8243;][vc_column_text css=&#8221;.vc_custom_1605225161323{border-top-width: 1px !important;border-right-width: 1px !important;border-bottom-width: 1px !important;border-left-width: 1px !important;border-left-color: #000000 !important;border-left-style: solid !important;border-right-color: #000000 !important;border-right-style: solid !important;border-top-color: #000000 !important;border-top-style: solid !important;border-bottom-color: #000000 !important;border-bottom-style: solid !important;}&#8221;]<a href=\"https:\/\/agapiboutique.gr\/pl\/kategoria-produktu\/zestaw\/\"><img loading=\"lazy\" class=\"aligncenter wp-image-1390 size-large\" src=\"https:\/\/agapiboutique.gr\/zooxeehy\/2020\/11\/SET-TG_00314-Edit-683x1024.jpg\" alt=\"\" width=\"683\" height=\"1024\" srcset=\"https:\/\/agapiboutique.gr\/zooxeehy\/2020\/11\/SET-TG_00314-Edit-683x1024.jpg 683w, https:\/\/agapiboutique.gr\/zooxeehy\/2020\/11\/SET-TG_00314-Edit-500x750.jpg 500w, https:\/\/agapiboutique.gr\/zooxeehy\/2020\/11\/SET-TG_00314-Edit-200x300.jpg 200w, https:\/\/agapiboutique.gr\/zooxeehy\/2020\/11\/SET-TG_00314-Edit-768x1152.jpg 768w, https:\/\/agapiboutique.gr\/zooxeehy\/2020\/11\/SET-TG_00314-Edit-600x900.jpg 600w, https:\/\/agapiboutique.gr\/zooxeehy\/2020\/11\/SET-TG_00314-Edit.jpg 800w\" sizes=\"(max-width: 683px) 100vw, 683px\" \/><\/a>[\/vc_column_text][vc_empty_space height=&#8221;30px&#8221;]<div class=\"edgtf-elements-holder   edgtf-one-column  edgtf-responsive-mode-768 edgtf-one-column-alignment-center\" ><div class=\"edgtf-eh-item   edgtf-horizontal-alignment-center \"  data-item-class=\"edgtf-eh-custom-2456\">\n\t<div class=\"edgtf-eh-item-inner\">\n\t\t<div class=\"edgtf-eh-item-content edgtf-eh-custom-2456\" >\n\t\t\t<a itemprop=\"url\" href=\"https:\/\/agapiboutique.gr\/product-category\/set\/\" target=\"_self\" style=\"background-color: #d39288;text-transform: none\" class=\"edgtf-btn edgtf-btn-medium edgtf-btn-solid\"  >\n    <span class=\"edgtf-btn-text\">\u03a3\u03b5\u03c4<\/span>\n    <\/a>\t\t<\/div>\n\t<\/div>\n<\/div><\/div>[vc_empty_space height=&#8221;30px&#8221;][\/vc_column][\/vc_row][vc_row][vc_column][vc_empty_space height=&#8221;90px&#8221;][\/vc_column][\/vc_row][vc_row][vc_column][vc_column_text]<\/p>\n<div><\/div>\n<p>[\/vc_column_text][\/vc_column][\/vc_row]<\/p>\n","protected":false},"excerpt":{"rendered":"<p>[vc_row][vc_column][vc_empty_space height=&#8221;50px&#8221;][vc_empty_space height=&#8221;25px&#8221;][\/vc_column][\/vc_row][vc_row][vc_column width=&#8221;1\/3&#8243;][vc_column_text css=&#8221;.vc_custom_1605224714384{border-top-width: 1px !important;border-right-width: 1px !important;border-bottom-width: 1px !important;border-left-width: 1px !important;border-left-color: #000000 !important;border-left-style: solid !important;border-right-color: #000000 !important;border-right-style: solid !important;border-top-color: #000000 !important;border-top-style: solid !important;border-bottom-color: #000000 !important;border-bottom-style: solid !important;}&#8221;][\/vc_column_text][vc_empty_space height=&#8221;30px&#8221;][vc_empty_space height=&#8221;30px&#8221;][\/vc_column][vc_column width=&#8221;1\/3&#8243;][vc_column_text css=&#8221;.vc_custom_1605224771055{border-top-width: 1px !important;border-right-width: 1px !important;border-bottom-width: 1px !important;border-left-width: 1px [&hellip;]<\/p>\n","protected":false},"author":1,"featured_media":0,"parent":0,"menu_order":0,"comment_status":"closed","ping_status":"closed","template":"","meta":[],"yoast_head":"\n<title>Agapi Boutique - Gotowe do Noszenia - Start Shopping Now<\/title>\n<meta name=\"description\" content=\"Witamy w Agapi Boutique! Sukienki, sp\u00f3dnice, spodnie i dodatki na ka\u017cd\u0105 okazj\u0119 czekaj\u0105 na Ciebie.\" \/>\n<meta name=\"robots\" content=\"index, follow, max-snippet:-1, max-image-preview:large, max-video-preview:-1\" \/>\n<link rel=\"canonical\" href=\"https:\/\/agapiboutique.gr\/pl\/gotowy-do-noszenia\/\" \/>\n<meta property=\"og:locale\" content=\"pl_PL\" \/>\n<meta property=\"og:type\" content=\"article\" \/>\n<meta property=\"og:title\" content=\"Agapi Boutique - Gotowe do Noszenia - Start Shopping Now\" \/>\n<meta property=\"og:description\" content=\"Witamy w Agapi Boutique! Sukienki, sp\u00f3dnice, spodnie i dodatki na ka\u017cd\u0105 okazj\u0119 czekaj\u0105 na Ciebie.\" \/>\n<meta property=\"og:url\" content=\"https:\/\/agapiboutique.gr\/pl\/gotowy-do-noszenia\/\" \/>\n<meta property=\"og:site_name\" content=\"Agapi Boutique\" \/>\n<meta property=\"article:publisher\" content=\"https:\/\/www.facebook.com\/AgapiBoutique.gr\" \/>\n<meta property=\"article:modified_time\" content=\"2020-12-26T14:07:52+00:00\" \/>\n<meta property=\"og:image\" content=\"https:\/\/agapiboutique.gr\/zooxeehy\/2020\/11\/MPLOUZES-TG_09881-Edit-683x1024.jpg\" \/>\n<meta name=\"twitter:card\" content=\"summary_large_image\" \/>\n<meta name=\"twitter:label1\" content=\"Est. reading time\">\n\t<meta name=\"twitter:data1\" content=\"6 minut\">\n<script type=\"application\/ld+json\" class=\"yoast-schema-graph\">{\"@context\":\"https:\/\/schema.org\",\"@graph\":[{\"@type\":\"WebSite\",\"@id\":\"https:\/\/agapiboutique.gr\/#website\",\"url\":\"https:\/\/agapiboutique.gr\/\",\"name\":\"Agapi Boutique\",\"description\":\"Start Shopping Now\",\"potentialAction\":[{\"@type\":\"SearchAction\",\"target\":\"https:\/\/agapiboutique.gr\/?s={search_term_string}\",\"query-input\":\"required name=search_term_string\"}],\"inLanguage\":\"pl-PL\"},{\"@type\":\"ImageObject\",\"@id\":\"https:\/\/agapiboutique.gr\/pl\/gotowy-do-noszenia\/#primaryimage\",\"inLanguage\":\"pl-PL\",\"url\":\"https:\/\/agapiboutique.gr\/zooxeehy\/2020\/11\/MPLOUZES-TG_09881-Edit.jpg\",\"width\":800,\"height\":1200},{\"@type\":\"WebPage\",\"@id\":\"https:\/\/agapiboutique.gr\/pl\/gotowy-do-noszenia\/#webpage\",\"url\":\"https:\/\/agapiboutique.gr\/pl\/gotowy-do-noszenia\/\",\"name\":\"Agapi Boutique - Gotowe do Noszenia - Start Shopping Now\",\"isPartOf\":{\"@id\":\"https:\/\/agapiboutique.gr\/#website\"},\"primaryImageOfPage\":{\"@id\":\"https:\/\/agapiboutique.gr\/pl\/gotowy-do-noszenia\/#primaryimage\"},\"datePublished\":\"2020-12-26T12:39:40+00:00\",\"dateModified\":\"2020-12-26T14:07:52+00:00\",\"description\":\"Witamy w Agapi Boutique! Sukienki, sp\\u00f3dnice, spodnie i dodatki na ka\\u017cd\\u0105 okazj\\u0119 czekaj\\u0105 na Ciebie.\",\"breadcrumb\":{\"@id\":\"https:\/\/agapiboutique.gr\/pl\/gotowy-do-noszenia\/#breadcrumb\"},\"inLanguage\":\"pl-PL\",\"potentialAction\":[{\"@type\":\"ReadAction\",\"target\":[\"https:\/\/agapiboutique.gr\/pl\/gotowy-do-noszenia\/\"]}]},{\"@type\":\"BreadcrumbList\",\"@id\":\"https:\/\/agapiboutique.gr\/pl\/gotowy-do-noszenia\/#breadcrumb\",\"itemListElement\":[{\"@type\":\"ListItem\",\"position\":1,\"item\":{\"@type\":\"WebPage\",\"@id\":\"https:\/\/agapiboutique.gr\/pl\/\",\"url\":\"https:\/\/agapiboutique.gr\/pl\/\",\"name\":\"\\u0391\\u03c1\\u03c7\\u03b9\\u03ba\\u03ae\"}},{\"@type\":\"ListItem\",\"position\":2,\"item\":{\"@type\":\"WebPage\",\"@id\":\"https:\/\/agapiboutique.gr\/pl\/gotowy-do-noszenia\/\",\"url\":\"https:\/\/agapiboutique.gr\/pl\/gotowy-do-noszenia\/\",\"name\":\"Gotowe do Noszenia\"}}]}]}<\/script>\n","_links":{"self":[{"href":"https:\/\/agapiboutique.gr\/pl\/wp-json\/wp\/v2\/pages\/1363"}],"collection":[{"href":"https:\/\/agapiboutique.gr\/pl\/wp-json\/wp\/v2\/pages"}],"about":[{"href":"https:\/\/agapiboutique.gr\/pl\/wp-json\/wp\/v2\/types\/page"}],"author":[{"embeddable":true,"href":"https:\/\/agapiboutique.gr\/pl\/wp-json\/wp\/v2\/users\/1"}],"replies":[{"embeddable":true,"href":"https:\/\/agapiboutique.gr\/pl\/wp-json\/wp\/v2\/comments?post=1363"}],"version-history":[{"count":8,"href":"https:\/\/agapiboutique.gr\/pl\/wp-json\/wp\/v2\/pages\/1363\/revisions"}],"predecessor-version":[{"id":1411,"href":"https:\/\/agapiboutique.gr\/pl\/wp-json\/wp\/v2\/pages\/1363\/revisions\/1411"}],"wp:attachment":[{"href":"https:\/\/agapiboutique.gr\/pl\/wp-json\/wp\/v2\/media?parent=1363"}],"curies":[{"name":"wp","href":"https:\/\/api.w.org\/{rel}","templated":true}]}}